{"id":3201,"date":"2022-08-11T02:14:25","date_gmt":"2022-08-11T02:14:25","guid":{"rendered":"https:\/\/sostenibilidad.unab.cl\/biblioteca-repositorio\/"},"modified":"2024-07-31T14:49:39","modified_gmt":"2024-07-31T14:49:39","slug":"biblioteca-repositorio","status":"publish","type":"page","link":"https:\/\/sostenibilidad.unab.cl\/en\/biblioteca-repositorio\/","title":{"rendered":"Repository"},"content":{"rendered":"<h1>Repository<\/h1>\n<p>Te eam amet dico deleniti, et legimus ancillae has. Qui duis vidisse cu, ea usu nulla senserit molestiae, probo copiosae no ius. Eu sed dico mutat, est et ferri tation. Te sumo possit delectus ius, ius ut mentitum probatus interesset. Falli dicant lucilius vel ad, at qui brute mazim, ad per laoreet conclusionemque.<\/p>\n<h2>Contributions<\/h2>\n<p><img decoding=\"async\" src=\"https:\/\/sostenibilidad.unab.cl\/wp-content\/uploads\/2022\/07\/Rectangulo-260.svg\" alt=\"\" width=\"70\" height=\"6\" \/><\/p>\n<p>Ver todos los aportes ODS<\/p>\n<p>Ver todos los aportes ODS<\/p>\n<h2>Chile Global Compact<\/h2>\n<p><img decoding=\"async\" src=\"https:\/\/sostenibilidad.unab.cl\/wp-content\/uploads\/2022\/07\/Rectangulo-260.svg\" alt=\"\" width=\"70\" height=\"6\" \/><\/p>\n<p>Memoria Anual 2020 \u2013 Pacto Global Chile.<\/p>\n<p>El a\u00f1o 2020 fue un a\u00f1o particularmente convulsionante en el mundo, y en Chile en especial, ya que ven\u00edamos, adem\u00e1s de la pandemia, con una situaci\u00f3n compleja, producto del \u201cestallido social\u201d que se hab\u00eda manifestado a partir de octubre del a\u00f1o 2019. Eso hab\u00eda movilizado al gobierno y a todos los sectores a buscar soluciones ante las principales demandas sociales, y tambi\u00e9n en muchos casos, hab\u00eda impulsado a las organizaciones a dar un primer paso para trabajar de manera remota, ya que muchas veces resultaba imposible acceder en forma segura, ante las manifestaciones de violencia, a las oficinas, ubicadas en las zonas m\u00e1s conflictivas, as\u00ed como no poder utilizar el metro, da\u00f1ado en m\u00faltiples estaciones. Pacto Global, durante el a\u00f1o, procur\u00f3 estar muy pr\u00f3ximo a todas las empresas socias, manteniendo un di\u00e1logo cercano y acompa\u00f1ando sus procesos, por lo que sostuvimos reuniones con las empresas adheridas para conocer sus principales preocupaciones, obst\u00e1culos y desaf\u00edos frente a todo lo que signific\u00f3 el Covid-19.<\/p>\n<p>MEMORIA 2020, <a href=\"https:\/\/sostenibilidad.unab.cl\/wp-content\/uploads\/2022\/08\/MEMORIA-2020.pdf\" target=\"_blank\" rel=\"noopener\">ver aqu\u00ed<\/a>.<\/p>\n<p>20 a\u00f1os de Pacto Global de Naciones Unidas en la UNAB.<\/p>\n<p>Nadie hace 20 a\u00f1os se imagin\u00f3 lo que hoy lamentablemente estamos viviendo. En estos a\u00f1os de vida de Pacto Global, y hoy en medio de la pandemia, llevar nuestra organizaci\u00f3n a ser la m\u00e1s grande iniciativa mundial de la sostenibilidad, ha sido una ambiciosa misi\u00f3n. Hoy, ante la actual crisis sanitaria, econ\u00f3mica y social, la Agenda 2030 muestra un enorme retroceso, de al menos 10 a\u00f1os, especialmente en cuanto a pobreza, empleo, salud y reducci\u00f3n de las desigualdades. Ello nos hace reflexionar m\u00e1s que nunca sobre nuestro rol para contribuir con sentido de urgencia a resolver los problemas de las todas las personas, sin que nadie se quede atr\u00e1s. Esperamos que este reporte de buena cuenta de nuestro trabajo y compromiso con la Agenda 2030 de Naciones Unidas.<\/p>\n<p>Pacto Global, <a href=\"https:\/\/pactoglobal.cl\/uniendo-negocios-para-un-mundo-mejor\/\" target=\"_blank\" rel=\"noopener\">ver aqu\u00ed<\/a>.<\/p>\n<h2>Other Memories and Reports<\/h2>\n<p><img decoding=\"async\" src=\"https:\/\/sostenibilidad.unab.cl\/wp-content\/uploads\/2022\/07\/Rectangulo-260.svg\" alt=\"\" width=\"70\" height=\"6\" \/><\/p>\n<table>\n<thead>\n<tr>\n<th>A\u00f1o<\/th>\n<th>Universidad Andr\u00e9s Bello<\/th>\n<th>Vinculaci\u00f3n con el Medio para el Desarrollo Sostenible<\/th>\n<th>UN Pacto Global Chile<\/th>\n<th>Investigaci\u00f3n UNAB<\/th>\n<\/tr>\n<\/thead>\n<tbody>\n<tr>\n<td>2016<\/td>\n<td><a href=\"https:\/\/sostenibilidad.unab.cl\/wp-content\/uploads\/2022\/08\/Memoria-U.-Andres-Bello-2016_compressed.pdf\" target=\"_blank\" rel=\"noopener\">Memoria 2016<\/a><\/td>\n<td><a href=\"https:\/\/vinculacion.unab.cl\/reportes\/reporte-2013-2016\" target=\"_blank\" rel=\"noopener\">Reporte de Gesti\u00f3n VcM UNAB 2013-2016<\/a><\/td>\n<td>&#8211; <a href=\"https:\/\/sostenibilidad.unab.cl\/wp-content\/uploads\/2022\/08\/Memoria_2016_compressed.pdf\" target=\"_blank\" rel=\"noopener\">Memoria 2016<\/a><\/p>\n<p>&#8211; <a href=\"https:\/\/sostenibilidad.unab.cl\/wp-content\/uploads\/2022\/08\/SIPP-2016_compressed.pdf\" target=\"_blank\" rel=\"noopener\">Sistema de integraci\u00f3n de los principios de pacto global 2016<\/a><\/td>\n<td>&#8211; <a href=\"https:\/\/investigacion.unab.cl\/wp-content\/uploads\/2017\/08\/memoria-inv2016.pdf\" target=\"_blank\" rel=\"noopener\">Memoria de Investigaci\u00f3n 2016<\/a><\/p>\n<p>&#8211; <a href=\"https:\/\/issuu.com\/unab\/docs\/libro-investigar-transformar-2016-u\" target=\"_blank\" rel=\"noopener\">Investigar para transformar 2016<\/a><\/td>\n<\/tr>\n<tr>\n<td>2017<\/td>\n<td><a href=\"https:\/\/www.unab.cl\/wp-content\/uploads\/2018\/08\/memoria-2017-universidad-andres-bello.pdf\" target=\"_blank\" rel=\"noopener\">Memoria 2017<\/a><\/td>\n<td><a href=\"https:\/\/vinculacion.unab.cl\/reportes\/reporte-2017\/\" target=\"_blank\" rel=\"noopener\">Reporte de Gesti\u00f3n VcM UNAB 2017<\/a><\/td>\n<td>&#8211; <a href=\"https:\/\/pactoglobal.cl\/wp-content\/uploads\/2019\/05\/Memoria_2017.pdf\" target=\"_blank\" rel=\"noopener\">Memoria 2017<\/a><\/p>\n<p>&#8211; <a href=\"https:\/\/pactoglobal.cl\/wp-content\/uploads\/2019\/06\/SIPP-2017.pdf\" target=\"_blank\" rel=\"noopener\">Sistema de integraci\u00f3n de los principios de pacto global 2017<\/a><\/td>\n<td><a href=\"https:\/\/investigacion.unab.cl\/wp-content\/uploads\/2017\/08\/MEM-INVEST-2017-UNAB.pdf\" target=\"_blank\" rel=\"noopener\">Memoria de Investigaci\u00f3n 2017<\/a><\/td>\n<\/tr>\n<tr>\n<td>2018<\/td>\n<td><a href=\"https:\/\/unabs3.s3.amazonaws.com\/unab\/wp-content\/uploads\/2020\/01\/09122638\/memoria-UNAB-2018.pdf\" target=\"_blank\" rel=\"noopener\">Memoria 2018<\/a><\/td>\n<td><a href=\"https:\/\/vinculacion.unab.cl\/reportes\/reporte-2018\/\" target=\"_blank\" rel=\"noopener\">Reporte de Gesti\u00f3n VcM UNAB 2018<\/a><\/td>\n<td>&#8211; <a href=\"https:\/\/pactoglobal.cl\/wp-content\/uploads\/2019\/06\/Memoria_2018.pdf\" target=\"_blank\" rel=\"noopener\">Memoria 2018<\/a><\/p>\n<p>&#8211; <a href=\"https:\/\/pactoglobal.cl\/wp-content\/uploads\/2019\/06\/Pacto-Global-2018-Digital-SIPP.pdf\" target=\"_blank\" rel=\"noopener\">Sistema de integraci\u00f3n de los principios de pacto global 2018<\/a><\/td>\n<td><a href=\"https:\/\/unabs3.s3.amazonaws.com\/unab\/wp-content\/uploads\/2021\/01\/26190135\/memoria-investigacion-unab-2018.pdf\" target=\"_blank\" rel=\"noopener\">Memoria de Investigaci\u00f3n 2018<\/a><\/td>\n<\/tr>\n<tr>\n<td>2019<\/td>\n<td>&#8211; <a href=\"https:\/\/unabs3.s3.amazonaws.com\/unab\/wp-content\/uploads\/2021\/03\/08132306\/memorias-2019-unab.pdf\" target=\"_blank\" rel=\"noopener\">Memoria 2019<\/a><\/p>\n<p>&#8211; <a href=\"https:\/\/repositorio.unab.cl\/xmlui\/bitstream\/handle\/ria\/10419\/Unab_en_Cifras 2019.pdf?sequence=1&amp;isAllowed=y\" target=\"_blank\" rel=\"noopener\">UNAB en cifras 2019<\/a><\/p>\n<p>&#8211; <a href=\"https:\/\/acreditacioninternacional.unab.cl\/wp-content\/uploads\/2019\/09\/self_study_report-2019_espanol_unab.pdf\" target=\"_blank\" rel=\"noopener\">Reporte de Autoestudio Institucional 2019 \u2013 ES<\/a><\/p>\n<p>&#8211; <a href=\"https:\/\/acreditacioninternacional.unab.cl\/wp-content\/uploads\/2019\/09\/self_study_report-2019_ingles_unab.pdf\" target=\"_blank\" rel=\"noopener\">Reporte de Autoestudio Institucional 2019 \u2013 EN<\/a><\/td>\n<td><a href=\"https:\/\/vinculacion.unab.cl\/reportes\/reporte-2019\" target=\"_blank\" rel=\"noopener\">Reporte de Impacto Vinculaci\u00f3n con el Medio UNAB 2019<\/a><\/td>\n<td><a href=\"https:\/\/pactoglobal.cl\/wp-content\/uploads\/2020\/04\/memoria_2019-1.pdf\" target=\"_blank\" rel=\"noopener\">Memoria 2019<\/a><\/td>\n<td><a href=\"https:\/\/unabs3.s3.amazonaws.com\/unab\/wp-content\/uploads\/2021\/01\/26190222\/memoria-investigacion-unab-2019.pdf\" target=\"_blank\" rel=\"noopener\">Memoria de Investigaci\u00f3n 2019<\/a><\/td>\n<\/tr>\n<tr>\n<td>2020<\/td>\n<td>&#8211; <a href=\"https:\/\/www.unab.cl\/nuestra-universidad\/universidad\/memorias\/\" target=\"_blank\" rel=\"noopener\">Memoria 2020<\/a><\/p>\n<p>&#8211; <a href=\"https:\/\/s3.amazonaws.com\/unabs3\/unab\/wp-content\/uploads\/2020\/09\/01110859\/universidad-andres-bello-en-cifras-2020-unab.pdf\" target=\"_blank\" rel=\"noopener\">UNAB en cifras 2020<\/a><\/td>\n<td><a href=\"https:\/\/vinculacion.unab.cl\/reportes\/reporte-2020\" target=\"_blank\" rel=\"noopener\">Reporte de Impacto Vinculaci\u00f3n con el Medio UNAB 2020<\/a><\/td>\n<td><a href=\"https:\/\/pactoglobal.cl\/wp-content\/uploads\/2021\/04\/MEMORIA-2020.pdf\" target=\"_blank\" rel=\"noopener\">Memoria 2020<\/a><\/td>\n<td><\/td>\n<\/tr>\n<tr>\n<td>2021<\/td>\n<td><a href=\"https:\/\/www.unab.cl\/nuestra-universidad\/universidad\/memorias\/\" target=\"_blank\" rel=\"noopener\">Memoria 2021<\/a><\/td>\n<td><a href=\"https:\/\/vinculacion.unab.cl\/reportes\/reporte-2021\" target=\"_blank\" rel=\"noopener\">Reporte de Impacto Vinculaci\u00f3n con el Medio UNAB 2021<\/a><\/td>\n<td><a href=\"https:\/\/pactoglobal.cl\/biblioteca\/\" target=\"_blank\" rel=\"noopener\">Otras Memorias y documentos de nuestro trabajo con el Sector Privado para avanzar en los ODS<\/a><\/td>\n<td><\/td>\n<\/tr>\n<\/tbody>\n<\/table>\n<h2>Find other reports and complementary information about UNAB<\/h2>\n<p><img decoding=\"async\" src=\"https:\/\/sostenibilidad.unab.cl\/wp-content\/uploads\/2022\/07\/Rectangulo-260.svg\" alt=\"\" width=\"70\" height=\"6\" \/><\/p>\n<p>Ver todos los reportes<\/p>\n<p>Ver todos los reportes<\/p>\n","protected":false},"excerpt":{"rendered":"<p>Repository Te eam amet dico deleniti, et legimus ancillae has. Qui duis vidisse cu, ea usu nulla senserit molestiae, probo copiosae no ius. Eu sed dico mutat, est et ferri tation. Te sumo possit delectus ius, ius ut mentitum probatus interesset. Falli dicant lucilius vel ad, at qui brute mazim, ad per laoreet conclusionemque. Contributions [&hellip;]<\/p>\n","protected":false},"author":29,"featured_media":0,"parent":0,"menu_order":0,"comment_status":"closed","ping_status":"closed","template":"elementor_header_footer","meta":{"_acf_changed":false,"footnotes":""},"class_list":["post-3201","page","type-page","status-publish","hentry"],"acf":[],"yoast_head":"<!-- This site is optimized with the Yoast SEO plugin v27.4 - https:\/\/yoast.com\/product\/yoast-seo-wordpress\/ -->\n<title>Repository - Sostenibilidad UNAB | Universidad Andr\u00e9s Bello<\/title>\n<meta name=\"robots\" content=\"index, follow, max-snippet:-1, max-image-preview:large, max-video-preview:-1\" \/>\n<link rel=\"canonical\" href=\"https:\/\/sostenibilidad.unab.cl\/en\/biblioteca-repositorio\/\" \/>\n<meta property=\"og:locale\" content=\"en_US\" \/>\n<meta property=\"og:type\" content=\"article\" \/>\n<meta property=\"og:title\" content=\"Repository - Sostenibilidad UNAB | Universidad Andr\u00e9s Bello\" \/>\n<meta property=\"og:description\" content=\"Repository Te eam amet dico deleniti, et legimus ancillae has. Qui duis vidisse cu, ea usu nulla senserit molestiae, probo copiosae no ius. Eu sed dico mutat, est et ferri tation. Te sumo possit delectus ius, ius ut mentitum probatus interesset. Falli dicant lucilius vel ad, at qui brute mazim, ad per laoreet conclusionemque. Contributions [&hellip;]\" \/>\n<meta property=\"og:url\" content=\"https:\/\/sostenibilidad.unab.cl\/en\/biblioteca-repositorio\/\" \/>\n<meta property=\"og:site_name\" content=\"Sostenibilidad UNAB | Universidad Andr\u00e9s Bello\" \/>\n<meta property=\"article:publisher\" content=\"https:\/\/web.facebook.com\/sostenibilidadUNAB\" \/>\n<meta property=\"article:modified_time\" content=\"2024-07-31T14:49:39+00:00\" \/>\n<meta property=\"og:image\" content=\"https:\/\/sostenibilidad.unab.cl\/wp-content\/uploads\/2022\/07\/Rectangulo-260.svg\" \/>\n<meta name=\"twitter:card\" content=\"summary_large_image\" \/>\n<meta name=\"twitter:site\" content=\"@soste_unab\" \/>\n<meta name=\"twitter:label1\" content=\"Est. reading time\" \/>\n\t<meta name=\"twitter:data1\" content=\"4 minutes\" \/>\n<script type=\"application\/ld+json\" class=\"yoast-schema-graph\">{\"@context\":\"https:\\\/\\\/schema.org\",\"@graph\":[{\"@type\":\"WebPage\",\"@id\":\"https:\\\/\\\/sostenibilidad.unab.cl\\\/en\\\/biblioteca-repositorio\\\/\",\"url\":\"https:\\\/\\\/sostenibilidad.unab.cl\\\/en\\\/biblioteca-repositorio\\\/\",\"name\":\"Repository - Sostenibilidad UNAB | Universidad Andr\u00e9s Bello\",\"isPartOf\":{\"@id\":\"https:\\\/\\\/sostenibilidad.unab.cl\\\/#website\"},\"primaryImageOfPage\":{\"@id\":\"https:\\\/\\\/sostenibilidad.unab.cl\\\/en\\\/biblioteca-repositorio\\\/#primaryimage\"},\"image\":{\"@id\":\"https:\\\/\\\/sostenibilidad.unab.cl\\\/en\\\/biblioteca-repositorio\\\/#primaryimage\"},\"thumbnailUrl\":\"https:\\\/\\\/sostenibilidad.unab.cl\\\/wp-content\\\/uploads\\\/2022\\\/07\\\/Rectangulo-260.svg\",\"datePublished\":\"2022-08-11T02:14:25+00:00\",\"dateModified\":\"2024-07-31T14:49:39+00:00\",\"inLanguage\":\"en-US\",\"potentialAction\":[{\"@type\":\"ReadAction\",\"target\":[\"https:\\\/\\\/sostenibilidad.unab.cl\\\/en\\\/biblioteca-repositorio\\\/\"]}]},{\"@type\":\"ImageObject\",\"inLanguage\":\"en-US\",\"@id\":\"https:\\\/\\\/sostenibilidad.unab.cl\\\/en\\\/biblioteca-repositorio\\\/#primaryimage\",\"url\":\"https:\\\/\\\/sostenibilidad.unab.cl\\\/wp-content\\\/uploads\\\/2022\\\/07\\\/Rectangulo-260.svg\",\"contentUrl\":\"https:\\\/\\\/sostenibilidad.unab.cl\\\/wp-content\\\/uploads\\\/2022\\\/07\\\/Rectangulo-260.svg\"},{\"@type\":\"WebSite\",\"@id\":\"https:\\\/\\\/sostenibilidad.unab.cl\\\/#website\",\"url\":\"https:\\\/\\\/sostenibilidad.unab.cl\\\/\",\"name\":\"Sostenibilidad UNAB\",\"description\":\"\",\"publisher\":{\"@id\":\"https:\\\/\\\/sostenibilidad.unab.cl\\\/#organization\"},\"potentialAction\":[{\"@type\":\"SearchAction\",\"target\":{\"@type\":\"EntryPoint\",\"urlTemplate\":\"https:\\\/\\\/sostenibilidad.unab.cl\\\/?s={search_term_string}\"},\"query-input\":{\"@type\":\"PropertyValueSpecification\",\"valueRequired\":true,\"valueName\":\"search_term_string\"}}],\"inLanguage\":\"en-US\"},{\"@type\":\"Organization\",\"@id\":\"https:\\\/\\\/sostenibilidad.unab.cl\\\/#organization\",\"name\":\"Universidad Andr\u00e9s Bello\",\"url\":\"https:\\\/\\\/sostenibilidad.unab.cl\\\/\",\"logo\":{\"@type\":\"ImageObject\",\"inLanguage\":\"en-US\",\"@id\":\"https:\\\/\\\/sostenibilidad.unab.cl\\\/#\\\/schema\\\/logo\\\/image\\\/\",\"url\":\"https:\\\/\\\/sostenibilidad.unab.cl\\\/wp-content\\\/uploads\\\/2022\\\/08\\\/US-1-2edit.png\",\"contentUrl\":\"https:\\\/\\\/sostenibilidad.unab.cl\\\/wp-content\\\/uploads\\\/2022\\\/08\\\/US-1-2edit.png\",\"width\":195,\"height\":56,\"caption\":\"Universidad Andr\u00e9s Bello\"},\"image\":{\"@id\":\"https:\\\/\\\/sostenibilidad.unab.cl\\\/#\\\/schema\\\/logo\\\/image\\\/\"},\"sameAs\":[\"https:\\\/\\\/web.facebook.com\\\/sostenibilidadUNAB\",\"https:\\\/\\\/x.com\\\/soste_unab\",\"https:\\\/\\\/www.instagram.com\\\/sostenibilidadunab\\\/\"]}]}<\/script>\n<!-- \/ Yoast SEO plugin. -->","yoast_head_json":{"title":"Repository - Sostenibilidad UNAB | Universidad Andr\u00e9s Bello","robots":{"index":"index","follow":"follow","max-snippet":"max-snippet:-1","max-image-preview":"max-image-preview:large","max-video-preview":"max-video-preview:-1"},"canonical":"https:\/\/sostenibilidad.unab.cl\/en\/biblioteca-repositorio\/","og_locale":"en_US","og_type":"article","og_title":"Repository - Sostenibilidad UNAB | Universidad Andr\u00e9s Bello","og_description":"Repository Te eam amet dico deleniti, et legimus ancillae has. Qui duis vidisse cu, ea usu nulla senserit molestiae, probo copiosae no ius. Eu sed dico mutat, est et ferri tation. Te sumo possit delectus ius, ius ut mentitum probatus interesset. Falli dicant lucilius vel ad, at qui brute mazim, ad per laoreet conclusionemque. Contributions [&hellip;]","og_url":"https:\/\/sostenibilidad.unab.cl\/en\/biblioteca-repositorio\/","og_site_name":"Sostenibilidad UNAB | Universidad Andr\u00e9s Bello","article_publisher":"https:\/\/web.facebook.com\/sostenibilidadUNAB","article_modified_time":"2024-07-31T14:49:39+00:00","og_image":[{"url":"https:\/\/sostenibilidad.unab.cl\/wp-content\/uploads\/2022\/07\/Rectangulo-260.svg","type":"","width":"","height":""}],"twitter_card":"summary_large_image","twitter_site":"@soste_unab","twitter_misc":{"Est. reading time":"4 minutes"},"schema":{"@context":"https:\/\/schema.org","@graph":[{"@type":"WebPage","@id":"https:\/\/sostenibilidad.unab.cl\/en\/biblioteca-repositorio\/","url":"https:\/\/sostenibilidad.unab.cl\/en\/biblioteca-repositorio\/","name":"Repository - Sostenibilidad UNAB | Universidad Andr\u00e9s Bello","isPartOf":{"@id":"https:\/\/sostenibilidad.unab.cl\/#website"},"primaryImageOfPage":{"@id":"https:\/\/sostenibilidad.unab.cl\/en\/biblioteca-repositorio\/#primaryimage"},"image":{"@id":"https:\/\/sostenibilidad.unab.cl\/en\/biblioteca-repositorio\/#primaryimage"},"thumbnailUrl":"https:\/\/sostenibilidad.unab.cl\/wp-content\/uploads\/2022\/07\/Rectangulo-260.svg","datePublished":"2022-08-11T02:14:25+00:00","dateModified":"2024-07-31T14:49:39+00:00","inLanguage":"en-US","potentialAction":[{"@type":"ReadAction","target":["https:\/\/sostenibilidad.unab.cl\/en\/biblioteca-repositorio\/"]}]},{"@type":"ImageObject","inLanguage":"en-US","@id":"https:\/\/sostenibilidad.unab.cl\/en\/biblioteca-repositorio\/#primaryimage","url":"https:\/\/sostenibilidad.unab.cl\/wp-content\/uploads\/2022\/07\/Rectangulo-260.svg","contentUrl":"https:\/\/sostenibilidad.unab.cl\/wp-content\/uploads\/2022\/07\/Rectangulo-260.svg"},{"@type":"WebSite","@id":"https:\/\/sostenibilidad.unab.cl\/#website","url":"https:\/\/sostenibilidad.unab.cl\/","name":"Sostenibilidad UNAB","description":"","publisher":{"@id":"https:\/\/sostenibilidad.unab.cl\/#organization"},"potentialAction":[{"@type":"SearchAction","target":{"@type":"EntryPoint","urlTemplate":"https:\/\/sostenibilidad.unab.cl\/?s={search_term_string}"},"query-input":{"@type":"PropertyValueSpecification","valueRequired":true,"valueName":"search_term_string"}}],"inLanguage":"en-US"},{"@type":"Organization","@id":"https:\/\/sostenibilidad.unab.cl\/#organization","name":"Universidad Andr\u00e9s Bello","url":"https:\/\/sostenibilidad.unab.cl\/","logo":{"@type":"ImageObject","inLanguage":"en-US","@id":"https:\/\/sostenibilidad.unab.cl\/#\/schema\/logo\/image\/","url":"https:\/\/sostenibilidad.unab.cl\/wp-content\/uploads\/2022\/08\/US-1-2edit.png","contentUrl":"https:\/\/sostenibilidad.unab.cl\/wp-content\/uploads\/2022\/08\/US-1-2edit.png","width":195,"height":56,"caption":"Universidad Andr\u00e9s Bello"},"image":{"@id":"https:\/\/sostenibilidad.unab.cl\/#\/schema\/logo\/image\/"},"sameAs":["https:\/\/web.facebook.com\/sostenibilidadUNAB","https:\/\/x.com\/soste_unab","https:\/\/www.instagram.com\/sostenibilidadunab\/"]}]}},"_links":{"self":[{"href":"https:\/\/sostenibilidad.unab.cl\/en\/wp-json\/wp\/v2\/pages\/3201","targetHints":{"allow":["GET"]}}],"collection":[{"href":"https:\/\/sostenibilidad.unab.cl\/en\/wp-json\/wp\/v2\/pages"}],"about":[{"href":"https:\/\/sostenibilidad.unab.cl\/en\/wp-json\/wp\/v2\/types\/page"}],"author":[{"embeddable":true,"href":"https:\/\/sostenibilidad.unab.cl\/en\/wp-json\/wp\/v2\/users\/29"}],"replies":[{"embeddable":true,"href":"https:\/\/sostenibilidad.unab.cl\/en\/wp-json\/wp\/v2\/comments?post=3201"}],"version-history":[{"count":7,"href":"https:\/\/sostenibilidad.unab.cl\/en\/wp-json\/wp\/v2\/pages\/3201\/revisions"}],"predecessor-version":[{"id":10785,"href":"https:\/\/sostenibilidad.unab.cl\/en\/wp-json\/wp\/v2\/pages\/3201\/revisions\/10785"}],"wp:attachment":[{"href":"https:\/\/sostenibilidad.unab.cl\/en\/wp-json\/wp\/v2\/media?parent=3201"}],"curies":[{"name":"wp","href":"https:\/\/api.w.org\/{rel}","templated":true}]}}